{"id":13,"date":"2015-04-30T15:03:45","date_gmt":"2015-04-30T14:03:45","guid":{"rendered":"https:\/\/www.ethicsoftware.com\/?page_id=13"},"modified":"2022-03-07T11:03:21","modified_gmt":"2022-03-07T10:03:21","slug":"plan-du-site","status":"publish","type":"page","link":"https:\/\/www.ethicsoftware.com\/es\/plan-du-site\/","title":{"rendered":"Mapa web"},"content":{"rendered":"<p><\/p>\n<p>Esta p\u00e1gina presenta el plan de este sitio web. A continuaci\u00f3n, puede encontrar la lista de todas las p\u00e1ginas necesarias para navegar correctamente.<\/p>\n<h2>Paginas internas<\/h2>\n\n<!-- Page-list plugin v.5.9 wordpress.org\/plugins\/page-list\/ -->\n<ul class=\"page-list \">\n<li class=\"page_item page-item-3507\"><a href=\"https:\/\/www.ethicsoftware.com\/es\/la-newsletter-ethic-software\/\">El bolet\u00edn de software \u00e9tico<\/a><\/li>\n<li class=\"page_item page-item-3350 page_item_has_children\"><a href=\"https:\/\/www.ethicsoftware.com\/es\/contacts\/\">Contactos<\/a>\n<ul class='children'>\n\t<li class=\"page_item page-item-15\"><a href=\"https:\/\/www.ethicsoftware.com\/es\/contacts\/contact\/\">Contacto<\/a><\/li>\n<\/ul>\n<\/li>\n<li class=\"page_item page-item-3348 page_item_has_children\"><a href=\"https:\/\/www.ethicsoftware.com\/es\/news-et-histoires\/\">Noticias e Historias<\/a>\n<ul class='children'>\n\t<li class=\"page_item page-item-3381\"><a href=\"https:\/\/www.ethicsoftware.com\/es\/news-et-histoires\/newsletter-2\/\">Newsletters<\/a><\/li>\n\t<li class=\"page_item page-item-2356\"><a href=\"https:\/\/www.ethicsoftware.com\/es\/news-et-histoires\/press-book\/\">Press book<\/a><\/li>\n\t<li class=\"page_item page-item-2358\"><a href=\"https:\/\/www.ethicsoftware.com\/es\/news-et-histoires\/galerie-photo-video\/\">Galer\u00eda de fotos y v\u00eddeos<\/a><\/li>\n<\/ul>\n<\/li>\n<li class=\"page_item page-item-3338\"><a href=\"https:\/\/www.ethicsoftware.com\/es\/\">Principios y Experiencia<\/a><\/li>\n<li class=\"page_item page-item-3110\"><a href=\"https:\/\/www.ethicsoftware.com\/es\/video-label-expo-2019\/\">Vid\u00e9o Label Expo 2019<\/a><\/li>\n<li class=\"page_item page-item-28\"><a href=\"https:\/\/www.ethicsoftware.com\/es\/mentions-legales\/\">Aviso legal<\/a><\/li>\n<li class=\"page_item page-item-13\"><a href=\"https:\/\/www.ethicsoftware.com\/es\/plan-du-site\/\">Mapa web<\/a><\/li>\n<li class=\"page_item page-item-2354 page_item_has_children\"><a href=\"https:\/\/www.ethicsoftware.com\/es\/gage-de-marques\/\">Compromiso de marca registrada<\/a>\n<ul class='children'>\n\t<li class=\"page_item page-item-3596\"><a href=\"https:\/\/www.ethicsoftware.com\/es\/gage-de-marques\/nouveaux-temoignages-de-marques\/\">Testimonios de nuevas marcas<\/a><\/li>\n\t<li class=\"page_item page-item-3598\"><a href=\"https:\/\/www.ethicsoftware.com\/es\/gage-de-marques\/temoignages-de-nos-fideles-clients\/\">Testimonios de nuestros clientes leales<\/a><\/li>\n\t<li class=\"page_item page-item-3593\"><a href=\"https:\/\/www.ethicsoftware.com\/es\/gage-de-marques\/nos-partenaires-interfaces\/\">Nuestros compa\u00f1eros<\/a><\/li>\n\t<li class=\"page_item page-item-2352\"><a href=\"https:\/\/www.ethicsoftware.com\/es\/gage-de-marques\/labels-federations\/\">Sellos y asociaciones<\/a><\/li>\n<\/ul>\n<\/li>\n<li class=\"page_item page-item-2362 page_item_has_children\"><a href=\"https:\/\/www.ethicsoftware.com\/es\/lerp-insolite-specialise\/\">El ERP \u00abins\u00f3lito\u00bb y especializado<\/a>\n<ul class='children'>\n\t<li class=\"page_item page-item-2334\"><a href=\"https:\/\/www.ethicsoftware.com\/es\/lerp-insolite-specialise\/votre-catalogue-de-jouets\/\">Tu cat\u00e1logo de juguetes<\/a><\/li>\n\t<li class=\"page_item page-item-3378\"><a href=\"https:\/\/www.ethicsoftware.com\/es\/lerp-insolite-specialise\/voici-sma\/\">Aqu\u00ed est\u00e1 SMA<\/a><\/li>\n\t<li class=\"page_item page-item-2344\"><a href=\"https:\/\/www.ethicsoftware.com\/es\/lerp-insolite-specialise\/demonstrations-en-ligne\/\">Demostraciones online<\/a><\/li>\n<\/ul>\n<\/li>\n\n<\/ul>\n<p><\/p>","protected":false},"excerpt":{"rendered":"<p>Esta p\u00e1gina presenta el plan de este sitio web. A continuaci\u00f3n, puede encontrar la lista de todas las p\u00e1ginas necesarias [&hellip;]<\/p>\n","protected":false},"author":1,"featured_media":0,"parent":0,"menu_order":11,"comment_status":"closed","ping_status":"closed","template":"","meta":{"_acf_changed":false,"footnotes":""},"class_list":["post-13","page","type-page","status-publish","hentry"],"acf":[],"yoast_head":"<!-- This site is optimized with the Yoast SEO plugin v27.4 - https:\/\/yoast.com\/product\/yoast-seo-wordpress\/ -->\n<title>Mapa web - ETHIC SOFTWARE<\/title>\n<meta name=\"robots\" content=\"index, follow, max-snippet:-1, max-image-preview:large, max-video-preview:-1\" \/>\n<link rel=\"canonical\" href=\"https:\/\/www.ethicsoftware.com\/es\/plan-du-site\/\" \/>\n<meta property=\"og:locale\" content=\"es_ES\" \/>\n<meta property=\"og:type\" content=\"article\" \/>\n<meta property=\"og:title\" content=\"Mapa web - ETHIC SOFTWARE\" \/>\n<meta property=\"og:description\" content=\"Esta p\u00e1gina presenta el plan de este sitio web. A continuaci\u00f3n, puede encontrar la lista de todas las p\u00e1ginas necesarias [&hellip;]\" \/>\n<meta property=\"og:url\" content=\"https:\/\/www.ethicsoftware.com\/es\/plan-du-site\/\" \/>\n<meta property=\"og:site_name\" content=\"ETHIC SOFTWARE\" \/>\n<meta property=\"article:modified_time\" content=\"2022-03-07T10:03:21+00:00\" \/>\n<meta property=\"og:image\" content=\"https:\/\/www.ethicsoftware.com\/wp-content\/uploads\/2019\/05\/ethic-software-cuivre.jpg\" \/>\n\t<meta property=\"og:image:width\" content=\"1600\" \/>\n\t<meta property=\"og:image:height\" content=\"840\" \/>\n\t<meta property=\"og:image:type\" content=\"image\/jpeg\" \/>\n<meta name=\"twitter:card\" content=\"summary_large_image\" \/>\n<script type=\"application\/ld+json\" class=\"yoast-schema-graph\">{\"@context\":\"https:\\\/\\\/schema.org\",\"@graph\":[{\"@type\":\"WebPage\",\"@id\":\"https:\\\/\\\/www.ethicsoftware.com\\\/es\\\/plan-du-site\\\/\",\"url\":\"https:\\\/\\\/www.ethicsoftware.com\\\/es\\\/plan-du-site\\\/\",\"name\":\"Mapa web - ETHIC SOFTWARE\",\"isPartOf\":{\"@id\":\"https:\\\/\\\/www.ethicsoftware.com\\\/es\\\/#website\"},\"datePublished\":\"2015-04-30T14:03:45+00:00\",\"dateModified\":\"2022-03-07T10:03:21+00:00\",\"breadcrumb\":{\"@id\":\"https:\\\/\\\/www.ethicsoftware.com\\\/es\\\/plan-du-site\\\/#breadcrumb\"},\"inLanguage\":\"es\",\"potentialAction\":[{\"@type\":\"ReadAction\",\"target\":[[\"https:\\\/\\\/www.ethicsoftware.com\\\/es\\\/plan-du-site\\\/\"]]}]},{\"@type\":\"BreadcrumbList\",\"@id\":\"https:\\\/\\\/www.ethicsoftware.com\\\/es\\\/plan-du-site\\\/#breadcrumb\",\"itemListElement\":[{\"@type\":\"ListItem\",\"position\":1,\"name\":\"Accueil\",\"item\":\"https:\\\/\\\/www.ethicsoftware.com\\\/es\\\/\"},{\"@type\":\"ListItem\",\"position\":2,\"name\":\"Plan du site\"}]},{\"@type\":\"WebSite\",\"@id\":\"https:\\\/\\\/www.ethicsoftware.com\\\/es\\\/#website\",\"url\":\"https:\\\/\\\/www.ethicsoftware.com\\\/es\\\/\",\"name\":\"ETHIC SOFTWARE\",\"description\":\"\",\"potentialAction\":[{\"@type\":\"SearchAction\",\"target\":{\"@type\":\"EntryPoint\",\"urlTemplate\":\"https:\\\/\\\/www.ethicsoftware.com\\\/es\\\/?s={search_term_string}\"},\"query-input\":{\"@type\":\"PropertyValueSpecification\",\"valueRequired\":true,\"valueName\":\"search_term_string\"}}],\"inLanguage\":\"es\"}]}<\/script>\n<!-- \/ Yoast SEO plugin. -->","yoast_head_json":{"title":"Mapa web - ETHIC SOFTWARE","robots":{"index":"index","follow":"follow","max-snippet":"max-snippet:-1","max-image-preview":"max-image-preview:large","max-video-preview":"max-video-preview:-1"},"canonical":"https:\/\/www.ethicsoftware.com\/es\/plan-du-site\/","og_locale":"es_ES","og_type":"article","og_title":"Mapa web - ETHIC SOFTWARE","og_description":"Esta p\u00e1gina presenta el plan de este sitio web. A continuaci\u00f3n, puede encontrar la lista de todas las p\u00e1ginas necesarias [&hellip;]","og_url":"https:\/\/www.ethicsoftware.com\/es\/plan-du-site\/","og_site_name":"ETHIC SOFTWARE","article_modified_time":"2022-03-07T10:03:21+00:00","og_image":[{"width":1600,"height":840,"url":"https:\/\/www.ethicsoftware.com\/wp-content\/uploads\/2019\/05\/ethic-software-cuivre.jpg","type":"image\/jpeg"}],"twitter_card":"summary_large_image","schema":{"@context":"https:\/\/schema.org","@graph":[{"@type":"WebPage","@id":"https:\/\/www.ethicsoftware.com\/es\/plan-du-site\/","url":"https:\/\/www.ethicsoftware.com\/es\/plan-du-site\/","name":"Mapa web - ETHIC SOFTWARE","isPartOf":{"@id":"https:\/\/www.ethicsoftware.com\/es\/#website"},"datePublished":"2015-04-30T14:03:45+00:00","dateModified":"2022-03-07T10:03:21+00:00","breadcrumb":{"@id":"https:\/\/www.ethicsoftware.com\/es\/plan-du-site\/#breadcrumb"},"inLanguage":"es","potentialAction":[{"@type":"ReadAction","target":[["https:\/\/www.ethicsoftware.com\/es\/plan-du-site\/"]]}]},{"@type":"BreadcrumbList","@id":"https:\/\/www.ethicsoftware.com\/es\/plan-du-site\/#breadcrumb","itemListElement":[{"@type":"ListItem","position":1,"name":"Accueil","item":"https:\/\/www.ethicsoftware.com\/es\/"},{"@type":"ListItem","position":2,"name":"Plan du site"}]},{"@type":"WebSite","@id":"https:\/\/www.ethicsoftware.com\/es\/#website","url":"https:\/\/www.ethicsoftware.com\/es\/","name":"ETHIC SOFTWARE","description":"","potentialAction":[{"@type":"SearchAction","target":{"@type":"EntryPoint","urlTemplate":"https:\/\/www.ethicsoftware.com\/es\/?s={search_term_string}"},"query-input":{"@type":"PropertyValueSpecification","valueRequired":true,"valueName":"search_term_string"}}],"inLanguage":"es"}]}},"jetpack_sharing_enabled":true,"_links":{"self":[{"href":"https:\/\/www.ethicsoftware.com\/es\/wp-json\/wp\/v2\/pages\/13","targetHints":{"allow":["GET"]}}],"collection":[{"href":"https:\/\/www.ethicsoftware.com\/es\/wp-json\/wp\/v2\/pages"}],"about":[{"href":"https:\/\/www.ethicsoftware.com\/es\/wp-json\/wp\/v2\/types\/page"}],"author":[{"embeddable":true,"href":"https:\/\/www.ethicsoftware.com\/es\/wp-json\/wp\/v2\/users\/1"}],"replies":[{"embeddable":true,"href":"https:\/\/www.ethicsoftware.com\/es\/wp-json\/wp\/v2\/comments?post=13"}],"version-history":[{"count":6,"href":"https:\/\/www.ethicsoftware.com\/es\/wp-json\/wp\/v2\/pages\/13\/revisions"}],"predecessor-version":[{"id":3665,"href":"https:\/\/www.ethicsoftware.com\/es\/wp-json\/wp\/v2\/pages\/13\/revisions\/3665"}],"wp:attachment":[{"href":"https:\/\/www.ethicsoftware.com\/es\/wp-json\/wp\/v2\/media?parent=13"}],"curies":[{"name":"wp","href":"https:\/\/api.w.org\/{rel}","templated":true}]}}