{"id":28,"date":"2015-04-30T15:17:24","date_gmt":"2015-04-30T14:17:24","guid":{"rendered":"https:\/\/www.ethicsoftware.com\/?page_id=28"},"modified":"2022-03-16T14:35:11","modified_gmt":"2022-03-16T13:35:11","slug":"mentions-legales","status":"publish","type":"page","link":"https:\/\/www.ethicsoftware.com\/es\/mentions-legales\/","title":{"rendered":"Aviso legal"},"content":{"rendered":"<p><\/p>\n<h2>Informaci\u00f3n general<\/h2>\n<p><strong>ETHIC SOFTWARE<br \/>\n<\/strong>2 Place du R\u00e9duit<strong><br \/>\n<\/strong>64100 Bayonne<br \/>\nFrancia<\/p>\n<p>SAS con capital de 40.000\u20ac <br \/>\nRCS Bayona: 429 542 764 <br \/>\nDirector de publicaci\u00f3n: Gilles Bonin como presidente<\/p>\n<h2>Derechos de autor y propiedad intelectual<\/h2>\n<p>Todo este sitio est\u00e1 sujeto a la legislaci\u00f3n francesa e internacional sobre derechos de autor y propiedad intelectual. Todos los derechos de reproducci\u00f3n est\u00e1n reservados. La reproducci\u00f3n total o parcial de este sitio en cualquier medio est\u00e1 estrictamente prohibida sin la autorizaci\u00f3n expresa y previa del director de la publicaci\u00f3n. Se autoriza la reproducci\u00f3n de los textos de este sitio en papel, sujeta al cumplimiento de las siguientes condiciones: distribuci\u00f3n gratuita, respeto a la integridad de los documentos reproducidos: no modificaci\u00f3n o alteraci\u00f3n de ning\u00fan tipo, cita clara y legible de la fuente.<\/p>\n<h2>Tratamiento de datos personales<\/h2>\n<p>La informaci\u00f3n recopilada de las personas a trav\u00e9s de formularios de contacto, env\u00edo de mensajes electr\u00f3nicos o herramientas de medici\u00f3n de audiencia est\u00e1 destinada exclusivamente al uso de este sitio web. En ning\u00fan caso se comunican a terceros. De conformidad con los art\u00edculos 39 y siguientes de la ley n\u00b0 78-17 del 6 de enero de 1978 relativa a la inform\u00e1tica, los archivos y las libertades, cualquier persona puede obtener la comunicaci\u00f3n y, en su caso, la rectificaci\u00f3n o supresi\u00f3n de la informaci\u00f3n que le concierna, dirigi\u00e9ndose al director de publicaci\u00f3n Cualquier persona puede tambi\u00e9n, por motivos leg\u00edtimos, oponerse al tratamiento de los datos que le conciernen.<\/p>\n<h2>Cookies y privacidad<\/h2>\n<p>Para el correcto funcionamiento de este sitio web, es posible que se instalen algunas cookies en su dispositivo. Estas cookies no se utilizan con fines comerciales, sino exclusivamente para permitirle navegar correctamente en este sitio web (memorizar su resoluci\u00f3n de pantalla, sistema operativo, etc.). Estas cookies tienen una vida \u00fatil de solo unas pocas horas y no est\u00e1n destinadas a almacenarse indefinidamente en su dispositivo.<\/p>\n<h2>Dise\u00f1o y hospedaje de sitios web<\/h2>\n<p><strong>REZO 21, cr\u00e9ateur de sites Internet<\/strong> <br \/>\nLes Pyramides,<br \/>\n4 route de Pitoys,<br \/>\n64600 Anglet<br \/>\nFrancia<\/p>\n<p>Adresse e-mail : <a href=\"mailto:contact@rezo21.net\">contact@rezo21.net<\/a><\/p>\n<p><\/p>","protected":false},"excerpt":{"rendered":"<p>Informaci\u00f3n general ETHIC SOFTWARE 2 Place du R\u00e9duit 64100 Bayonne Francia SAS con capital de 40.000\u20ac RCS Bayona: 429 542 [&hellip;]<\/p>\n","protected":false},"author":1,"featured_media":0,"parent":0,"menu_order":10,"comment_status":"closed","ping_status":"closed","template":"","meta":{"_acf_changed":false,"footnotes":""},"class_list":["post-28","page","type-page","status-publish","hentry"],"acf":[],"yoast_head":"<!-- This site is optimized with the Yoast SEO plugin v27.5 - https:\/\/yoast.com\/product\/yoast-seo-wordpress\/ -->\n<title>Aviso legal - ETHIC SOFTWARE<\/title>\n<meta name=\"robots\" content=\"index, follow, max-snippet:-1, max-image-preview:large, max-video-preview:-1\" \/>\n<link rel=\"canonical\" href=\"https:\/\/www.ethicsoftware.com\/es\/mentions-legales\/\" \/>\n<meta property=\"og:locale\" content=\"es_ES\" \/>\n<meta property=\"og:type\" content=\"article\" \/>\n<meta property=\"og:title\" content=\"Aviso legal - ETHIC SOFTWARE\" \/>\n<meta property=\"og:description\" content=\"Informaci\u00f3n general ETHIC SOFTWARE 2 Place du R\u00e9duit 64100 Bayonne Francia SAS con capital de 40.000\u20ac RCS Bayona: 429 542 [&hellip;]\" \/>\n<meta property=\"og:url\" content=\"https:\/\/www.ethicsoftware.com\/es\/mentions-legales\/\" \/>\n<meta property=\"og:site_name\" content=\"ETHIC SOFTWARE\" \/>\n<meta property=\"article:modified_time\" content=\"2022-03-16T13:35:11+00:00\" \/>\n<meta property=\"og:image\" content=\"https:\/\/www.ethicsoftware.com\/wp-content\/uploads\/2019\/05\/ethic-software-cuivre.jpg\" \/>\n\t<meta property=\"og:image:width\" content=\"1600\" \/>\n\t<meta property=\"og:image:height\" content=\"840\" \/>\n\t<meta property=\"og:image:type\" content=\"image\/jpeg\" \/>\n<meta name=\"twitter:card\" content=\"summary_large_image\" \/>\n<script type=\"application\/ld+json\" class=\"yoast-schema-graph\">{\"@context\":\"https:\\\/\\\/schema.org\",\"@graph\":[{\"@type\":\"WebPage\",\"@id\":\"https:\\\/\\\/www.ethicsoftware.com\\\/es\\\/mentions-legales\\\/\",\"url\":\"https:\\\/\\\/www.ethicsoftware.com\\\/es\\\/mentions-legales\\\/\",\"name\":\"Aviso legal - ETHIC SOFTWARE\",\"isPartOf\":{\"@id\":\"https:\\\/\\\/www.ethicsoftware.com\\\/es\\\/#website\"},\"datePublished\":\"2015-04-30T14:17:24+00:00\",\"dateModified\":\"2022-03-16T13:35:11+00:00\",\"breadcrumb\":{\"@id\":\"https:\\\/\\\/www.ethicsoftware.com\\\/es\\\/mentions-legales\\\/#breadcrumb\"},\"inLanguage\":\"es\",\"potentialAction\":[{\"@type\":\"ReadAction\",\"target\":[[\"https:\\\/\\\/www.ethicsoftware.com\\\/es\\\/mentions-legales\\\/\"]]}]},{\"@type\":\"BreadcrumbList\",\"@id\":\"https:\\\/\\\/www.ethicsoftware.com\\\/es\\\/mentions-legales\\\/#breadcrumb\",\"itemListElement\":[{\"@type\":\"ListItem\",\"position\":1,\"name\":\"Accueil\",\"item\":\"https:\\\/\\\/www.ethicsoftware.com\\\/es\\\/\"},{\"@type\":\"ListItem\",\"position\":2,\"name\":\"Mentions l\u00e9gales\"}]},{\"@type\":\"WebSite\",\"@id\":\"https:\\\/\\\/www.ethicsoftware.com\\\/es\\\/#website\",\"url\":\"https:\\\/\\\/www.ethicsoftware.com\\\/es\\\/\",\"name\":\"ETHIC SOFTWARE\",\"description\":\"\",\"potentialAction\":[{\"@type\":\"SearchAction\",\"target\":{\"@type\":\"EntryPoint\",\"urlTemplate\":\"https:\\\/\\\/www.ethicsoftware.com\\\/es\\\/?s={search_term_string}\"},\"query-input\":{\"@type\":\"PropertyValueSpecification\",\"valueRequired\":true,\"valueName\":\"search_term_string\"}}],\"inLanguage\":\"es\"}]}<\/script>\n<!-- \/ Yoast SEO plugin. -->","yoast_head_json":{"title":"Aviso legal - ETHIC SOFTWARE","robots":{"index":"index","follow":"follow","max-snippet":"max-snippet:-1","max-image-preview":"max-image-preview:large","max-video-preview":"max-video-preview:-1"},"canonical":"https:\/\/www.ethicsoftware.com\/es\/mentions-legales\/","og_locale":"es_ES","og_type":"article","og_title":"Aviso legal - ETHIC SOFTWARE","og_description":"Informaci\u00f3n general ETHIC SOFTWARE 2 Place du R\u00e9duit 64100 Bayonne Francia SAS con capital de 40.000\u20ac RCS Bayona: 429 542 [&hellip;]","og_url":"https:\/\/www.ethicsoftware.com\/es\/mentions-legales\/","og_site_name":"ETHIC SOFTWARE","article_modified_time":"2022-03-16T13:35:11+00:00","og_image":[{"width":1600,"height":840,"url":"https:\/\/www.ethicsoftware.com\/wp-content\/uploads\/2019\/05\/ethic-software-cuivre.jpg","type":"image\/jpeg"}],"twitter_card":"summary_large_image","schema":{"@context":"https:\/\/schema.org","@graph":[{"@type":"WebPage","@id":"https:\/\/www.ethicsoftware.com\/es\/mentions-legales\/","url":"https:\/\/www.ethicsoftware.com\/es\/mentions-legales\/","name":"Aviso legal - ETHIC SOFTWARE","isPartOf":{"@id":"https:\/\/www.ethicsoftware.com\/es\/#website"},"datePublished":"2015-04-30T14:17:24+00:00","dateModified":"2022-03-16T13:35:11+00:00","breadcrumb":{"@id":"https:\/\/www.ethicsoftware.com\/es\/mentions-legales\/#breadcrumb"},"inLanguage":"es","potentialAction":[{"@type":"ReadAction","target":[["https:\/\/www.ethicsoftware.com\/es\/mentions-legales\/"]]}]},{"@type":"BreadcrumbList","@id":"https:\/\/www.ethicsoftware.com\/es\/mentions-legales\/#breadcrumb","itemListElement":[{"@type":"ListItem","position":1,"name":"Accueil","item":"https:\/\/www.ethicsoftware.com\/es\/"},{"@type":"ListItem","position":2,"name":"Mentions l\u00e9gales"}]},{"@type":"WebSite","@id":"https:\/\/www.ethicsoftware.com\/es\/#website","url":"https:\/\/www.ethicsoftware.com\/es\/","name":"ETHIC SOFTWARE","description":"","potentialAction":[{"@type":"SearchAction","target":{"@type":"EntryPoint","urlTemplate":"https:\/\/www.ethicsoftware.com\/es\/?s={search_term_string}"},"query-input":{"@type":"PropertyValueSpecification","valueRequired":true,"valueName":"search_term_string"}}],"inLanguage":"es"}]}},"jetpack_sharing_enabled":true,"_links":{"self":[{"href":"https:\/\/www.ethicsoftware.com\/es\/wp-json\/wp\/v2\/pages\/28","targetHints":{"allow":["GET"]}}],"collection":[{"href":"https:\/\/www.ethicsoftware.com\/es\/wp-json\/wp\/v2\/pages"}],"about":[{"href":"https:\/\/www.ethicsoftware.com\/es\/wp-json\/wp\/v2\/types\/page"}],"author":[{"embeddable":true,"href":"https:\/\/www.ethicsoftware.com\/es\/wp-json\/wp\/v2\/users\/1"}],"replies":[{"embeddable":true,"href":"https:\/\/www.ethicsoftware.com\/es\/wp-json\/wp\/v2\/comments?post=28"}],"version-history":[{"count":14,"href":"https:\/\/www.ethicsoftware.com\/es\/wp-json\/wp\/v2\/pages\/28\/revisions"}],"predecessor-version":[{"id":3785,"href":"https:\/\/www.ethicsoftware.com\/es\/wp-json\/wp\/v2\/pages\/28\/revisions\/3785"}],"wp:attachment":[{"href":"https:\/\/www.ethicsoftware.com\/es\/wp-json\/wp\/v2\/media?parent=28"}],"curies":[{"name":"wp","href":"https:\/\/api.w.org\/{rel}","templated":true}]}}