{"id":3110,"date":"2019-11-18T07:11:41","date_gmt":"2019-11-18T06:11:41","guid":{"rendered":"https:\/\/www.ethicsoftware.com\/?page_id=3110"},"modified":"2022-02-01T10:08:38","modified_gmt":"2022-02-01T09:08:38","slug":"video-label-expo-2019","status":"publish","type":"page","link":"https:\/\/www.ethicsoftware.com\/es\/video-label-expo-2019\/","title":{"rendered":"Vid\u00e9o Label Expo 2019"},"content":{"rendered":"<p class=\"qtranxs-available-languages-message qtranxs-available-languages-message-es\">Disculpa, pero esta entrada est\u00e1 disponible s\u00f3lo en <a href=\"https:\/\/www.ethicsoftware.com\/fr\/wp-json\/wp\/v2\/pages\/3110\" class=\"qtranxs-available-language-link qtranxs-available-language-link-fr\" title=\"FR\">FR<\/a>.<\/p><p><iframe loading=\"lazy\" src=\"https:\/\/player.vimeo.com\/video\/372665458\" width=\"100%\" height=\"500\" frameborder=\"0\" allow=\"autoplay; fullscreen\" allowfullscreen><\/iframe><\/p>","protected":false},"excerpt":{"rendered":"<p>Disculpa, pero esta entrada est\u00e1 disponible s\u00f3lo en FR.<\/p>\n","protected":false},"author":1,"featured_media":0,"parent":0,"menu_order":9,"comment_status":"closed","ping_status":"closed","template":"","meta":{"_acf_changed":false,"footnotes":""},"class_list":["post-3110","page","type-page","status-publish","hentry"],"acf":[],"yoast_head":"<!-- This site is optimized with the Yoast SEO plugin v27.4 - https:\/\/yoast.com\/product\/yoast-seo-wordpress\/ -->\n<title>Vid\u00e9o Label Expo 2019 - ETHIC SOFTWARE<\/title>\n<meta name=\"robots\" content=\"index, follow, max-snippet:-1, max-image-preview:large, max-video-preview:-1\" \/>\n<link rel=\"canonical\" href=\"https:\/\/www.ethicsoftware.com\/es\/video-label-expo-2019\/\" \/>\n<meta property=\"og:locale\" content=\"es_ES\" \/>\n<meta property=\"og:type\" content=\"article\" \/>\n<meta property=\"og:title\" content=\"Vid\u00e9o Label Expo 2019 - ETHIC SOFTWARE\" \/>\n<meta property=\"og:description\" content=\"Disculpa, pero esta entrada est\u00e1 disponible s\u00f3lo en FR.\" \/>\n<meta property=\"og:url\" content=\"https:\/\/www.ethicsoftware.com\/es\/video-label-expo-2019\/\" \/>\n<meta property=\"og:site_name\" content=\"ETHIC SOFTWARE\" \/>\n<meta property=\"article:modified_time\" content=\"2022-02-01T09:08:38+00:00\" \/>\n<meta property=\"og:image\" content=\"https:\/\/www.ethicsoftware.com\/wp-content\/uploads\/2019\/05\/ethic-software-cuivre.jpg\" \/>\n\t<meta property=\"og:image:width\" content=\"1600\" \/>\n\t<meta property=\"og:image:height\" content=\"840\" \/>\n\t<meta property=\"og:image:type\" content=\"image\/jpeg\" \/>\n<meta name=\"twitter:card\" content=\"summary_large_image\" \/>\n<script type=\"application\/ld+json\" class=\"yoast-schema-graph\">{\"@context\":\"https:\\\/\\\/schema.org\",\"@graph\":[{\"@type\":\"WebPage\",\"@id\":\"https:\\\/\\\/www.ethicsoftware.com\\\/es\\\/video-label-expo-2019\\\/\",\"url\":\"https:\\\/\\\/www.ethicsoftware.com\\\/es\\\/video-label-expo-2019\\\/\",\"name\":\"Vid\u00e9o Label Expo 2019 - ETHIC SOFTWARE\",\"isPartOf\":{\"@id\":\"https:\\\/\\\/www.ethicsoftware.com\\\/es\\\/#website\"},\"datePublished\":\"2019-11-18T06:11:41+00:00\",\"dateModified\":\"2022-02-01T09:08:38+00:00\",\"breadcrumb\":{\"@id\":\"https:\\\/\\\/www.ethicsoftware.com\\\/es\\\/video-label-expo-2019\\\/#breadcrumb\"},\"inLanguage\":\"es\",\"potentialAction\":[{\"@type\":\"ReadAction\",\"target\":[[\"https:\\\/\\\/www.ethicsoftware.com\\\/es\\\/video-label-expo-2019\\\/\"]]}]},{\"@type\":\"BreadcrumbList\",\"@id\":\"https:\\\/\\\/www.ethicsoftware.com\\\/es\\\/video-label-expo-2019\\\/#breadcrumb\",\"itemListElement\":[{\"@type\":\"ListItem\",\"position\":1,\"name\":\"Accueil\",\"item\":\"https:\\\/\\\/www.ethicsoftware.com\\\/es\\\/\"},{\"@type\":\"ListItem\",\"position\":2,\"name\":\"Vid\u00e9o Label Expo 2019\"}]},{\"@type\":\"WebSite\",\"@id\":\"https:\\\/\\\/www.ethicsoftware.com\\\/es\\\/#website\",\"url\":\"https:\\\/\\\/www.ethicsoftware.com\\\/es\\\/\",\"name\":\"ETHIC SOFTWARE\",\"description\":\"\",\"potentialAction\":[{\"@type\":\"SearchAction\",\"target\":{\"@type\":\"EntryPoint\",\"urlTemplate\":\"https:\\\/\\\/www.ethicsoftware.com\\\/es\\\/?s={search_term_string}\"},\"query-input\":{\"@type\":\"PropertyValueSpecification\",\"valueRequired\":true,\"valueName\":\"search_term_string\"}}],\"inLanguage\":\"es\"}]}<\/script>\n<!-- \/ Yoast SEO plugin. -->","yoast_head_json":{"title":"Vid\u00e9o Label Expo 2019 - ETHIC SOFTWARE","robots":{"index":"index","follow":"follow","max-snippet":"max-snippet:-1","max-image-preview":"max-image-preview:large","max-video-preview":"max-video-preview:-1"},"canonical":"https:\/\/www.ethicsoftware.com\/es\/video-label-expo-2019\/","og_locale":"es_ES","og_type":"article","og_title":"Vid\u00e9o Label Expo 2019 - ETHIC SOFTWARE","og_description":"Disculpa, pero esta entrada est\u00e1 disponible s\u00f3lo en FR.","og_url":"https:\/\/www.ethicsoftware.com\/es\/video-label-expo-2019\/","og_site_name":"ETHIC SOFTWARE","article_modified_time":"2022-02-01T09:08:38+00:00","og_image":[{"width":1600,"height":840,"url":"https:\/\/www.ethicsoftware.com\/wp-content\/uploads\/2019\/05\/ethic-software-cuivre.jpg","type":"image\/jpeg"}],"twitter_card":"summary_large_image","schema":{"@context":"https:\/\/schema.org","@graph":[{"@type":"WebPage","@id":"https:\/\/www.ethicsoftware.com\/es\/video-label-expo-2019\/","url":"https:\/\/www.ethicsoftware.com\/es\/video-label-expo-2019\/","name":"Vid\u00e9o Label Expo 2019 - ETHIC SOFTWARE","isPartOf":{"@id":"https:\/\/www.ethicsoftware.com\/es\/#website"},"datePublished":"2019-11-18T06:11:41+00:00","dateModified":"2022-02-01T09:08:38+00:00","breadcrumb":{"@id":"https:\/\/www.ethicsoftware.com\/es\/video-label-expo-2019\/#breadcrumb"},"inLanguage":"es","potentialAction":[{"@type":"ReadAction","target":[["https:\/\/www.ethicsoftware.com\/es\/video-label-expo-2019\/"]]}]},{"@type":"BreadcrumbList","@id":"https:\/\/www.ethicsoftware.com\/es\/video-label-expo-2019\/#breadcrumb","itemListElement":[{"@type":"ListItem","position":1,"name":"Accueil","item":"https:\/\/www.ethicsoftware.com\/es\/"},{"@type":"ListItem","position":2,"name":"Vid\u00e9o Label Expo 2019"}]},{"@type":"WebSite","@id":"https:\/\/www.ethicsoftware.com\/es\/#website","url":"https:\/\/www.ethicsoftware.com\/es\/","name":"ETHIC SOFTWARE","description":"","potentialAction":[{"@type":"SearchAction","target":{"@type":"EntryPoint","urlTemplate":"https:\/\/www.ethicsoftware.com\/es\/?s={search_term_string}"},"query-input":{"@type":"PropertyValueSpecification","valueRequired":true,"valueName":"search_term_string"}}],"inLanguage":"es"}]}},"jetpack_sharing_enabled":true,"_links":{"self":[{"href":"https:\/\/www.ethicsoftware.com\/es\/wp-json\/wp\/v2\/pages\/3110","targetHints":{"allow":["GET"]}}],"collection":[{"href":"https:\/\/www.ethicsoftware.com\/es\/wp-json\/wp\/v2\/pages"}],"about":[{"href":"https:\/\/www.ethicsoftware.com\/es\/wp-json\/wp\/v2\/types\/page"}],"author":[{"embeddable":true,"href":"https:\/\/www.ethicsoftware.com\/es\/wp-json\/wp\/v2\/users\/1"}],"replies":[{"embeddable":true,"href":"https:\/\/www.ethicsoftware.com\/es\/wp-json\/wp\/v2\/comments?post=3110"}],"version-history":[{"count":1,"href":"https:\/\/www.ethicsoftware.com\/es\/wp-json\/wp\/v2\/pages\/3110\/revisions"}],"predecessor-version":[{"id":3111,"href":"https:\/\/www.ethicsoftware.com\/es\/wp-json\/wp\/v2\/pages\/3110\/revisions\/3111"}],"wp:attachment":[{"href":"https:\/\/www.ethicsoftware.com\/es\/wp-json\/wp\/v2\/media?parent=3110"}],"curies":[{"name":"wp","href":"https:\/\/api.w.org\/{rel}","templated":true}]}}